{"id":625,"date":"2022-02-03T17:01:33","date_gmt":"2022-02-03T16:01:33","guid":{"rendered":"https:\/\/urgences.unfm.org\/site\/?page_id=625"},"modified":"2023-11-27T10:31:54","modified_gmt":"2023-11-27T09:31:54","slug":"documentation","status":"publish","type":"page","link":"https:\/\/urgences.unfm.org\/site\/documentation\/","title":{"rendered":"Documentation"},"content":{"rendered":"<div id=\"pl-625\"  class=\"panel-layout\" ><div id=\"pg-625-0\"  class=\"panel-grid panel-no-style\" ><div id=\"pgc-625-0-0\"  class=\"panel-grid-cell\" ><div id=\"panel-625-0-0-0\" class=\"so-panel widget widget_black-studio-tinymce widget_black_studio_tinymce panel-first-child\" data-index=\"0\" ><div class=\"textwidget\"><p>Class\u00e9es par th\u00e9matiques, des sources de documentation compl\u00e9mentaires vous permettent d'aller plus loin sur les sujets et de consulter les r\u00e9f\u00e9rences.<\/p>\n<p>&nbsp;<\/p>\n<p>&nbsp;<\/p>\n<\/div><\/div><div id=\"panel-625-0-0-1\" class=\"so-panel widget widget_black-studio-tinymce widget_black_studio_tinymce panel-last-child\" data-index=\"1\" ><div class=\"textwidget\"><p>\n\t\t\t\t<form action=\"\" method=\"post\" class=\"searchandfilter\">\n\t\t\t\t\t<div><input type=\"hidden\" name=\"ofpost_types[]\" value=\"docs\" \/><ul><li><select  name='ofsujet' id='ofsujet' class='postform'>\n\t<option value='0' selected='selected'>Tous les Sujets<\/option>\n\t<option class=\"level-0\" value=\"67\">Acc\u00e8s vasculaires<\/option>\n\t<option class=\"level-0\" value=\"74\">asphyxie<\/option>\n\t<option class=\"level-0\" value=\"81\">cyanose<\/option>\n\t<option class=\"level-0\" value=\"70\">d\u00e9sobstruction<\/option>\n\t<option class=\"level-0\" value=\"73\">d\u00e9tresse respiratoire<\/option>\n\t<option class=\"level-0\" value=\"69\">diagnostique<\/option>\n\t<option class=\"level-0\" value=\"63\">\u00e9chographie<\/option>\n\t<option class=\"level-0\" value=\"64\">Examens paracliniques<\/option>\n\t<option class=\"level-0\" value=\"72\">grand enfant<\/option>\n\t<option class=\"level-0\" value=\"82\">hypoxie<\/option>\n\t<option class=\"level-0\" value=\"84\">intraosseuse<\/option>\n\t<option class=\"level-0\" value=\"71\">jeune enfant<\/option>\n\t<option class=\"level-0\" value=\"75\">man\u0153uvre de Heimlich<\/option>\n\t<option class=\"level-0\" value=\"76\">man\u0153uvre de Mofenson<\/option>\n\t<option class=\"level-0\" value=\"80\">m\u00e9canique ventilatoire<\/option>\n\t<option class=\"level-0\" value=\"62\">organisation sanitaire<\/option>\n\t<option class=\"level-0\" value=\"68\">prise en charge du patient<\/option>\n\t<option class=\"level-0\" value=\"60\">surveillance<\/option>\n\t<option class=\"level-0\" value=\"61\">transfert<\/option>\n\t<option class=\"level-0\" value=\"65\">voie intraosseuse<\/option>\n\t<option class=\"level-0\" value=\"66\">voie jugulaire externe<\/option>\n\t<option class=\"level-0\" value=\"83\">voie veineuse p\u00e9riph\u00e9rique<\/option>\n<\/select>\n<input type=\"hidden\" name=\"ofsujet_operator\" value=\"and\" \/><\/li><li><select  name='oftype_de_document' id='oftype_de_document' class='postform'>\n\t<option value='0' selected='selected'>Tous les Type de document<\/option>\n\t<option class=\"level-0\" value=\"59\">pdf<\/option>\n<\/select>\n<input type=\"hidden\" name=\"oftype_de_document_operator\" value=\"and\" \/><\/li><li><input type=\"hidden\" name=\"ofsubmitted\" value=\"1\"><input type=\"submit\" value=\"Submit\"><\/li><\/ul><\/div><\/form><\/p>\n<\/div><\/div><\/div><\/div><\/div><script type=\"text\/javascript\">tagSinglePost(625);<\/script>","protected":false},"excerpt":{"rendered":"<p>Class\u00e9es par th\u00e9matiques, des sources de documentation compl\u00e9mentaires vous permettent d&rsquo;aller plus loin sur les sujets et de consulter les r\u00e9f\u00e9rences. &nbsp; &nbsp;<\/p>\n","protected":false},"author":7,"featured_media":0,"parent":0,"menu_order":0,"comment_status":"closed","ping_status":"closed","template":"","meta":{"footnotes":""},"class_list":["post-625","page","type-page","status-publish","hentry","post"],"_links":{"self":[{"href":"https:\/\/urgences.unfm.org\/site\/wp-json\/wp\/v2\/pages\/625","targetHints":{"allow":["GET"]}}],"collection":[{"href":"https:\/\/urgences.unfm.org\/site\/wp-json\/wp\/v2\/pages"}],"about":[{"href":"https:\/\/urgences.unfm.org\/site\/wp-json\/wp\/v2\/types\/page"}],"author":[{"embeddable":true,"href":"https:\/\/urgences.unfm.org\/site\/wp-json\/wp\/v2\/users\/7"}],"replies":[{"embeddable":true,"href":"https:\/\/urgences.unfm.org\/site\/wp-json\/wp\/v2\/comments?post=625"}],"version-history":[{"count":0,"href":"https:\/\/urgences.unfm.org\/site\/wp-json\/wp\/v2\/pages\/625\/revisions"}],"wp:attachment":[{"href":"https:\/\/urgences.unfm.org\/site\/wp-json\/wp\/v2\/media?parent=625"}],"curies":[{"name":"wp","href":"https:\/\/api.w.org\/{rel}","templated":true}]}}