{"id":1416,"date":"2024-06-24T14:12:14","date_gmt":"2024-06-24T12:12:14","guid":{"rendered":"https:\/\/urgences.unfm.org\/site\/?page_id=1416"},"modified":"2024-06-24T14:17:35","modified_gmt":"2024-06-24T12:17:35","slug":"actualites","status":"publish","type":"page","link":"https:\/\/urgences.unfm.org\/site\/actualites\/","title":{"rendered":"ACTUALITES"},"content":{"rendered":"<div id=\"pl-1416\"  class=\"panel-layout\" ><div id=\"pg-1416-0\"  class=\"panel-grid panel-no-style\" ><div id=\"pgc-1416-0-0\"  class=\"panel-grid-cell\" ><div id=\"panel-1416-0-0-0\" class=\"so-panel widget widget_black-studio-tinymce widget_black_studio_tinymce panel-first-child panel-last-child\" data-index=\"0\" ><div class=\"textwidget\"><p class=\"xxxxxmsonormal\" style=\"text-align: center;\"><span style=\"color: #e7573e; font-size: 14pt;\"><strong>Un grand merci aux 10 m\u00e9decins pr\u00e9sent\u00b7es lors de notre formation pratique <br \/>\n<\/strong><\/span><span style=\"color: #e7573e; font-size: 14pt;\"><strong>organis\u00e9e \u00e0 Madagascar, du 21 au 25 mai !<\/strong><\/span><\/p>\n<p class=\"xxxxxmsonormal\">Ces derniers mois, une formation \u00e0 la m\u00e9decine d\u2019urgence \u00e0 distance (formation e-learning) avait \u00e9t\u00e9 propos\u00e9e \u00e0 ces m\u00e9decins g\u00e9n\u00e9ralistes de zone rurale\u00a0\u00e0 Madagascar.<\/p>\n<p class=\"xxxxxmsonormal\">Fin mai, au cours de la deuxi\u00e8me \u00e9tape de la formation, les participant\u00b7es ont pu mettre en pratique leurs connaissances acquises gr\u00e2ce \u00e0 des mises en situation au plus pr\u00e8s de leur pratique quotidienne. Les m\u00e9decins ont par exemple \u00e9t\u00e9 form\u00e9\u00b7es aux gestes importants pour le traitement des fractures lors de l\u2019atelier \u00ab Techniques d\u2019immobilisation pl\u00e2tr\u00e9e du membre inf\u00e9rieur \u00bb.<\/p>\n<p class=\"xxxxxmsonormal\"><strong>Nous tenons \u00e0 remercier nos intervenant\u00b7es, m\u00e9decins malgaches et fran\u00e7ais\u00b7es, pour leurs pr\u00e9cieuses contributions. Leur expertise a enrichi cette formation de mani\u00e8re significative.<\/strong><\/p>\n<p class=\"xxxxxmsonormal\"><span style=\"color: #e7573e;\"><strong>D\u00e9but juillet, un stage pratique permettra aux participant\u00b7es de remobiliser ces acquis dans un centre de sant\u00e9, avec l\u2019accompagnement d\u2019un personnel m\u00e9dical qualifi\u00e9.<\/strong><\/span><\/p>\n<p>&nbsp;<\/p>\n<\/div><\/div><\/div><\/div><\/div><script type=\"text\/javascript\">tagSinglePost(1416);<\/script>","protected":false},"excerpt":{"rendered":"<p>Un grand merci aux 10 m\u00e9decins pr\u00e9sent\u00b7es lors de notre formation pratique organis\u00e9e \u00e0 Madagascar, du 21 au 25 mai ! Ces derniers mois, une formation \u00e0 la m\u00e9decine d\u2019urgence \u00e0 distance (formation e-learning) avait \u00e9t\u00e9 propos\u00e9e \u00e0 ces m\u00e9decins g\u00e9n\u00e9ralistes de zone rurale\u00a0\u00e0 Madagascar. Fin mai, au cours de la deuxi\u00e8me \u00e9tape de la [&hellip;]<\/p>\n","protected":false},"author":7,"featured_media":0,"parent":0,"menu_order":0,"comment_status":"closed","ping_status":"closed","template":"","meta":{"footnotes":""},"class_list":["post-1416","page","type-page","status-publish","hentry","post"],"_links":{"self":[{"href":"https:\/\/urgences.unfm.org\/site\/wp-json\/wp\/v2\/pages\/1416","targetHints":{"allow":["GET"]}}],"collection":[{"href":"https:\/\/urgences.unfm.org\/site\/wp-json\/wp\/v2\/pages"}],"about":[{"href":"https:\/\/urgences.unfm.org\/site\/wp-json\/wp\/v2\/types\/page"}],"author":[{"embeddable":true,"href":"https:\/\/urgences.unfm.org\/site\/wp-json\/wp\/v2\/users\/7"}],"replies":[{"embeddable":true,"href":"https:\/\/urgences.unfm.org\/site\/wp-json\/wp\/v2\/comments?post=1416"}],"version-history":[{"count":0,"href":"https:\/\/urgences.unfm.org\/site\/wp-json\/wp\/v2\/pages\/1416\/revisions"}],"wp:attachment":[{"href":"https:\/\/urgences.unfm.org\/site\/wp-json\/wp\/v2\/media?parent=1416"}],"curies":[{"name":"wp","href":"https:\/\/api.w.org\/{rel}","templated":true}]}}