{"id":1177,"date":"2023-11-21T16:14:40","date_gmt":"2023-11-21T15:14:40","guid":{"rendered":"https:\/\/urgences.unfm.org\/site\/?page_id=1177"},"modified":"2023-11-24T12:28:19","modified_gmt":"2023-11-24T11:28:19","slug":"mentions-legales","status":"publish","type":"page","link":"https:\/\/urgences.unfm.org\/site\/mentions-legales\/","title":{"rendered":"MENTIONS LEGALES"},"content":{"rendered":"<div id=\"pl-1177\"  class=\"panel-layout\" ><div id=\"pg-1177-0\"  class=\"panel-grid panel-no-style\" ><div id=\"pgc-1177-0-0\"  class=\"panel-grid-cell\" ><div id=\"panel-1177-0-0-0\" class=\"so-panel widget widget_black-studio-tinymce widget_black_studio_tinymce panel-first-child panel-last-child\" data-index=\"0\" ><div class=\"textwidget\"><p><span style=\"color: #e7573e; font-size: 18pt;\"><strong>EDITEUR\u00a0: Sant\u00e9 Sud<\/strong><\/span><\/p>\n<p><span style=\"color: #e7573e;\"><strong><span style=\"font-size: 14pt;\">Association reconnue d\u2019utilit\u00e9 publique dont le si\u00e8ge est situ\u00e9\u00a0:<\/span><\/strong><\/span><br \/>\n<span style=\"font-size: 14pt;\">200 Boulevard National<\/span><br \/>\n<span style=\"font-size: 14pt;\">13003 Marseille<\/span><br \/>\n<span style=\"font-size: 14pt;\">France<\/span><\/p>\n<p><span style=\"font-size: 14pt;\"><span style=\"color: #e7573e;\"><strong>T\u00e9l\u00e9phone :<\/strong><\/span> 04 91 95 63 45<\/span><br \/>\n<span style=\"font-size: 14pt;\"><span style=\"color: #e7573e;\"><strong>Courriel :<\/strong><\/span>\u00a0<a href=\"mailto:formation@santesud.org\">formation@santesud.org<\/a><\/span><\/p>\n<p><span style=\"font-size: 14pt;\"><strong><span style=\"color: #e7573e;\">Directrice de la publication\u00a0:<\/span><br \/>\n<\/strong>Benjamin Soudier<\/span><\/p>\n<p><span style=\"font-size: 14pt;\"><strong><span style=\"color: #e7573e;\">HEBERGEMENT DU SITE :<\/span> <br \/>\n<\/strong><\/span><span style=\"font-size: 14pt;\">Planet Hoster<\/span><\/p>\n<p><span style=\"font-size: 14pt;\"><strong><span style=\"color: #e7573e;\">CONCEPTION ET DEVELOPPEMENT\u00a0:<\/span> Universit\u00e9 Num\u00e9rique Francophone Mondiale<br \/>\n<\/strong><\/span><span style=\"font-size: 14pt;\">Universit\u00e9 Num\u00e9rique Francophone Mondiale (UNFM)<\/span><br \/>\n<span style=\"font-size: 14pt;\">HNSM, 14 rue du Val d\u2019Osne 94450 Saint Maurice, France.<\/span><\/p>\n<\/div><\/div><\/div><\/div><\/div><script type=\"text\/javascript\">tagSinglePost(1177);<\/script>","protected":false},"excerpt":{"rendered":"<p>EDITEUR\u00a0: Sant\u00e9 Sud Association reconnue d\u2019utilit\u00e9 publique dont le si\u00e8ge est situ\u00e9\u00a0: 200 Boulevard National 13003 Marseille France T\u00e9l\u00e9phone : 04 91 95 63 45 Courriel :\u00a0formation@santesud.org Directrice de la publication\u00a0: Benjamin Soudier HEBERGEMENT DU SITE : Planet Hoster CONCEPTION ET DEVELOPPEMENT\u00a0: Universit\u00e9 Num\u00e9rique Francophone Mondiale Universit\u00e9 Num\u00e9rique Francophone Mondiale (UNFM) HNSM, 14 rue du [&hellip;]<\/p>\n","protected":false},"author":7,"featured_media":0,"parent":0,"menu_order":0,"comment_status":"closed","ping_status":"closed","template":"","meta":{"footnotes":""},"class_list":["post-1177","page","type-page","status-publish","hentry","post"],"_links":{"self":[{"href":"https:\/\/urgences.unfm.org\/site\/wp-json\/wp\/v2\/pages\/1177","targetHints":{"allow":["GET"]}}],"collection":[{"href":"https:\/\/urgences.unfm.org\/site\/wp-json\/wp\/v2\/pages"}],"about":[{"href":"https:\/\/urgences.unfm.org\/site\/wp-json\/wp\/v2\/types\/page"}],"author":[{"embeddable":true,"href":"https:\/\/urgences.unfm.org\/site\/wp-json\/wp\/v2\/users\/7"}],"replies":[{"embeddable":true,"href":"https:\/\/urgences.unfm.org\/site\/wp-json\/wp\/v2\/comments?post=1177"}],"version-history":[{"count":0,"href":"https:\/\/urgences.unfm.org\/site\/wp-json\/wp\/v2\/pages\/1177\/revisions"}],"wp:attachment":[{"href":"https:\/\/urgences.unfm.org\/site\/wp-json\/wp\/v2\/media?parent=1177"}],"curies":[{"name":"wp","href":"https:\/\/api.w.org\/{rel}","templated":true}]}}