{"id":1040,"date":"2023-10-24T15:07:26","date_gmt":"2023-10-24T13:07:26","guid":{"rendered":"https:\/\/urgences.unfm.org\/site\/?page_id=1040"},"modified":"2024-04-25T17:11:00","modified_gmt":"2024-04-25T15:11:00","slug":"presentation-de-lequipe","status":"publish","type":"page","link":"https:\/\/urgences.unfm.org\/site\/presentation-de-lequipe\/","title":{"rendered":"Pr\u00e9sentation de l&rsquo;\u00e9quipe"},"content":{"rendered":"<div id=\"pl-1040\"  class=\"panel-layout\" ><div id=\"pg-1040-0\"  class=\"panel-grid panel-no-style\" ><div id=\"pgc-1040-0-0\"  class=\"panel-grid-cell\" ><div id=\"panel-1040-0-0-0\" class=\"so-panel widget widget_black-studio-tinymce widget_black_studio_tinymce panel-first-child\" data-index=\"0\" ><div class=\"textwidget\"><p><span style=\"color: #e7573e;\"><strong>Dr. Niry Ramaromandray, Coordinatrice nationale Sant\u00e9 Sud Madagascar<\/strong><\/span><\/p>\n<p>Apr\u00e8s avoir obtenu son dipl\u00f4me en m\u00e9decine \u00e0 Madagascar, le Dr. Ramaromandray int\u00e8gre Sant\u00e9 Sud en 2005 en tant que m\u00e9decin g\u00e9n\u00e9raliste communautaire en zone rurale. Son engagement initial l'a ensuite conduite \u00e0 devenir charg\u00e9e de projets li\u00e9s \u00e0 la m\u00e9dicalisation des zones rurales. Depuis 2017, elle occupe le poste de coordinatrice nationale de l\u2019ONG.<\/p>\n<p>Son r\u00f4le consiste \u00e0 superviser l'\u00e9quipe de Sant\u00e9 Sud \u00e0 Madagascar. Elle est responsable de l'orientation strat\u00e9gique g\u00e9n\u00e9rale de l\u2019association dans le pays. En lien avec le si\u00e8ge, elle discute des axes prioritaires \u00e0 travailler, pour que les actions soient adapt\u00e9es aux \u00e9volutions du contexte sanitaire du pays.<\/p>\n<\/div><\/div><div id=\"panel-1040-0-0-1\" class=\"so-panel widget widget_black-studio-tinymce widget_black_studio_tinymce\" data-index=\"1\" ><div class=\"textwidget\"><p>&nbsp;<\/p>\n<p><span style=\"color: #e7573e;\"><strong>Dr. Etienne Kras, R\u00e9f\u00e8rent technique en m\u00e9decine d'urgence pour les programmes\u00a0de Sant\u00e9 Sud<\/strong><\/span><\/p>\n<p>M\u00e9decin urgentiste, praticien hospitalier exer\u00e7ant actuellement dans le sud de la France, son parcours professionnel l\u2019a \u00e9galement conduit aux Antilles fran\u00e7aises et en Afrique.<\/p>\n<p>En compl\u00e9ment de son activit\u00e9 clinique, il a suivi un cursus universitaire en sciences de la p\u00e9dagogie et coordonne des programmes de formations hospitali\u00e8res en soins de sant\u00e9 d\u2019urgence de base et en simulation haute-fid\u00e9lit\u00e9.<\/p>\n<p>Il est engag\u00e9 depuis 2013 aux c\u00f4t\u00e9s de Sant\u00e9 Sud afin de promouvoir les soins de sant\u00e9 d\u2019urgence dans les pays \u00e0 ressources limit\u00e9es. Il a effectu\u00e9 plusieurs missions de terrain pour les projets de Sant\u00e9 Sud (notamment \u00e0 Madagascar, au Mali et en Tunisie).<\/p>\n<p>En collaboration avec l\u2019UNFM, il est le coordonnateur m\u00e9dical de l\u2019ouvrage et de la formation e-learning \u00ab\u00a0M\u00e9decine d\u2019urgence dans les pays \u00e0 ressources limit\u00e9es\u00a0\u00bb.<\/p>\n<p>Il est r\u00e9f\u00e9rent technique en m\u00e9decine d\u2019urgence pour les programmes de Sant\u00e9 Sud.<\/p>\n<p>&nbsp;<\/p>\n<\/div><\/div><div id=\"panel-1040-0-0-2\" class=\"so-panel widget widget_black-studio-tinymce widget_black_studio_tinymce panel-last-child\" data-index=\"2\" ><div class=\"textwidget\"><p><span style=\"color: #e7573e;\"><strong>Dr. Elodie Piquet, anesth\u00e9siste r\u00e9animateur b\u00e9n\u00e9vole pour Sant\u00e9 Sud<\/strong><\/span><\/p>\n<p>Issue d\u2019une formation d\u2019anesth\u00e9siste r\u00e9animateur, Elodie Piquet est actuellement praticienne hospitali\u00e8re. Elle occupe le poste de cheffe de service de la r\u00e9animation au centre hospitalier universitaire de Grasse, et est formatrice en simulation au sein de son service.<\/p>\n<p>En compl\u00e9ment de son activit\u00e9 clinique, elle a particip\u00e9 \u00e0 des actions de formation en \u00e9chographie en C\u00f4te d\u2019Ivoire pour une ONG de d\u00e9veloppement.<\/p>\n<p>Depuis 2008, elle fait partie d'associations de solidarit\u00e9 internationale pour la scolarisation des enfants \u00e0 Madagascar.<\/p>\n<p>B\u00e9n\u00e9vole pour Sant\u00e9 Sud depuis 2024, elle participe au projet Urgences et animera notamment la formation pratique dispens\u00e9e aux m\u00e9decins malgaches participant au projet.<\/p>\n<p>&nbsp;<\/p>\n<\/div><\/div><\/div><\/div><\/div><script type=\"text\/javascript\">tagSinglePost(1040);<\/script>","protected":false},"excerpt":{"rendered":"<p>Dr. Niry Ramaromandray, Coordinatrice nationale Sant\u00e9 Sud Madagascar Apr\u00e8s avoir obtenu son dipl\u00f4me en m\u00e9decine \u00e0 Madagascar, le Dr. Ramaromandray int\u00e8gre Sant\u00e9 Sud en 2005 en tant que m\u00e9decin g\u00e9n\u00e9raliste communautaire en zone rurale. Son engagement initial l&rsquo;a ensuite conduite \u00e0 devenir charg\u00e9e de projets li\u00e9s \u00e0 la m\u00e9dicalisation des zones rurales. Depuis 2017, elle [&hellip;]<\/p>\n","protected":false},"author":7,"featured_media":0,"parent":0,"menu_order":0,"comment_status":"closed","ping_status":"closed","template":"","meta":{"footnotes":""},"class_list":["post-1040","page","type-page","status-publish","hentry","post"],"_links":{"self":[{"href":"https:\/\/urgences.unfm.org\/site\/wp-json\/wp\/v2\/pages\/1040","targetHints":{"allow":["GET"]}}],"collection":[{"href":"https:\/\/urgences.unfm.org\/site\/wp-json\/wp\/v2\/pages"}],"about":[{"href":"https:\/\/urgences.unfm.org\/site\/wp-json\/wp\/v2\/types\/page"}],"author":[{"embeddable":true,"href":"https:\/\/urgences.unfm.org\/site\/wp-json\/wp\/v2\/users\/7"}],"replies":[{"embeddable":true,"href":"https:\/\/urgences.unfm.org\/site\/wp-json\/wp\/v2\/comments?post=1040"}],"version-history":[{"count":0,"href":"https:\/\/urgences.unfm.org\/site\/wp-json\/wp\/v2\/pages\/1040\/revisions"}],"wp:attachment":[{"href":"https:\/\/urgences.unfm.org\/site\/wp-json\/wp\/v2\/media?parent=1040"}],"curies":[{"name":"wp","href":"https:\/\/api.w.org\/{rel}","templated":true}]}}