{"id":100,"date":"2018-02-02T17:59:55","date_gmt":"2018-02-02T16:59:55","guid":{"rendered":"https:\/\/urgences.unfm.org\/site\/?page_id=100"},"modified":"2024-04-25T17:17:51","modified_gmt":"2024-04-25T15:17:51","slug":"les-partenaires","status":"publish","type":"page","link":"https:\/\/urgences.unfm.org\/site\/les-partenaires\/","title":{"rendered":"Les partenaires"},"content":{"rendered":"<div id=\"pl-100\"  class=\"panel-layout\" ><div id=\"pg-100-0\"  class=\"panel-grid panel-no-style\" ><div id=\"pgc-100-0-0\"  class=\"panel-grid-cell\" ><div id=\"panel-100-0-0-0\" class=\"so-panel widget widget_text panel-first-child panel-last-child\" data-index=\"0\" >\t\t\t<div class=\"textwidget\"><div style=\"text-align: center;\"><a href=\"https:\/\/www.santesud.org\/\" target=\"_blank\" rel=\"noopener\"><img loading=\"lazy\" decoding=\"async\" class=\"alignnone wp-image-1047\" src=\"https:\/\/urgences.unfm.org\/site\/wp-content\/uploads\/image006.png\" alt=\"\" width=\"301\" height=\"94\" \/><\/a><\/div>\n<\/div>\n\t\t<\/div><\/div><div id=\"pgc-100-0-1\"  class=\"panel-grid-cell\" ><div id=\"panel-100-0-1-0\" class=\"so-panel widget widget_text panel-first-child panel-last-child\" data-index=\"1\" >\t\t\t<div class=\"textwidget\"><p>Sant\u00e9 Sud est une ONG internationale engag\u00e9e pour le droit \u00e0 la sant\u00e9 pour toutes et tous. Depuis 1984, l\u2019association agit sans remplacer, en renfor\u00e7ant les capacit\u00e9s des partenaires locaux pour que chacun\u00b7e ait acc\u00e8s \u00e0 des soins de qualit\u00e9. Son objectif est de construire ensemble des syst\u00e8mes de sant\u00e9 plus efficaces et vertueux en renfor\u00e7ant le pouvoir d\u2019agir des populations sur leur sant\u00e9.<\/p>\n<p><a href=\"https:\/\/www.santesud.org\/\" target=\"_blank\" rel=\"noopener\"><b>Sant\u00e9 Sud<\/b><\/a><\/p>\n<\/div>\n\t\t<\/div><\/div><\/div><div id=\"pg-100-1\"  class=\"panel-grid panel-no-style\" ><div id=\"pgc-100-1-0\"  class=\"panel-grid-cell\" ><div id=\"panel-100-1-0-0\" class=\"so-panel widget widget_text panel-first-child panel-last-child\" data-index=\"2\" >\t\t\t<div class=\"textwidget\"><div style=\"text-align: center;\"><img loading=\"lazy\" decoding=\"async\" class=\"alignnone  wp-image-863\" src=\"https:\/\/urgences.unfm.org\/site\/wp-content\/uploads\/FdnF-Logo-JPG-petit-couleur.png\" alt=\"\" width=\"152\" height=\"111\" \/><\/div>\n<\/div>\n\t\t<\/div><\/div><div id=\"pgc-100-1-1\"  class=\"panel-grid-cell\" ><div id=\"panel-100-1-1-0\" class=\"so-panel widget widget_black-studio-tinymce widget_black_studio_tinymce panel-first-child panel-last-child\" data-index=\"3\" ><div class=\"textwidget\"><p class=\" nd_options_text_align_center_responsive_important nd_options_first_font \"><span style=\"font-family: helvetica, arial, sans-serif;\"><span style=\"font-size: 12pt;\">Fr\u00e8res de nos Fr\u00e8res est une association suisse de coop\u00e9ration internationale fond\u00e9e en 1965. <br \/>\n<\/span><span style=\"font-size: 12pt;\">FdnF a pour but de contribuer, par une action directe, au d\u00e9veloppement des populations les plus d\u00e9favoris\u00e9es, notamment d\u2019Afrique, d\u2019Asie et d\u2019Am\u00e9rique latine.<\/span><\/span><\/p>\n<p><a href=\"https:\/\/new.fdnf.org\/\" target=\"_blank\" rel=\"noopener\"><strong><span style=\"font-family: helvetica, arial, sans-serif;\">new.fdnf.org\/<\/span><\/strong><\/a><\/p>\n<p>&nbsp;<\/p>\n<\/div><\/div><\/div><\/div><div id=\"pg-100-2\"  class=\"panel-grid panel-no-style\" ><div id=\"pgc-100-2-0\"  class=\"panel-grid-cell\" ><div id=\"panel-100-2-0-0\" class=\"so-panel widget widget_text panel-first-child panel-last-child\" data-index=\"4\" >\t\t\t<div class=\"textwidget\"><div style=\"text-align: center;\"><a href=\"http:\/\/www.unfm.org\/\" target=\"_blank\" rel=\"noopener\"><img loading=\"lazy\" decoding=\"async\" class=\"alignnone size-medium wp-image-107\" src=\"https:\/\/urgences.unfm.org\/site\/wp-content\/uploads\/2018\/02\/LOGO-UNFM-300x110.png\" alt=\"UNFM\" width=\"300\" height=\"110\" srcset=\"https:\/\/urgences.unfm.org\/site\/wp-content\/uploads\/2018\/02\/LOGO-UNFM-300x110.png 300w, https:\/\/urgences.unfm.org\/site\/wp-content\/uploads\/2018\/02\/LOGO-UNFM.png 500w\" sizes=\"auto, (max-width: 300px) 100vw, 300px\" \/><\/a><\/div>\n<\/div>\n\t\t<\/div><\/div><div id=\"pgc-100-2-1\"  class=\"panel-grid-cell\" ><div id=\"panel-100-2-1-0\" class=\"so-panel widget widget_text panel-first-child panel-last-child\" data-index=\"5\" >\t\t\t<div class=\"textwidget\"><p>L&rsquo;UNFM a pour mission d&rsquo;utiliser internet et les technologies de communication pour permettre la cr\u00e9ation et la diffusion d&rsquo;un enseignement de qualit\u00e9 dans un environnement de p\u00e9nurie.<\/p>\n<p><a href=\"http:\/\/www.unfm.org\/\" target=\"_blank\" rel=\"noopener\"><strong>http:\/\/www.unfm.org\/<\/strong><\/a><\/p>\n<p>&nbsp;<\/p>\n<p>&nbsp;<\/p>\n<\/div>\n\t\t<\/div><\/div><\/div><div id=\"pg-100-3\"  class=\"panel-grid panel-no-style\" ><div id=\"pgc-100-3-0\"  class=\"panel-grid-cell\" ><div id=\"panel-100-3-0-0\" class=\"so-panel widget widget_text panel-first-child panel-last-child\" data-index=\"6\" >\t\t\t<div class=\"textwidget\"><div style=\"text-align: center;\"><img loading=\"lazy\" decoding=\"async\" class=\"alignnone  wp-image-1415\" src=\"https:\/\/urgences.unfm.org\/site\/wp-content\/uploads\/logo-FAET-1.png\" alt=\"\" width=\"292\" height=\"162\" srcset=\"https:\/\/urgences.unfm.org\/site\/wp-content\/uploads\/logo-FAET-1.png 332w, https:\/\/urgences.unfm.org\/site\/wp-content\/uploads\/logo-FAET-1-300x166.png 300w\" sizes=\"auto, (max-width: 292px) 100vw, 292px\" \/><\/div>\n<\/div>\n\t\t<\/div><\/div><div id=\"pgc-100-3-1\"  class=\"panel-grid-cell\" ><div id=\"panel-100-3-1-0\" class=\"so-panel widget widget_text panel-first-child panel-last-child\" data-index=\"7\" >\t\t\t<div class=\"textwidget\"><p>La Fondation d\u2019Aide \u00e0 l\u2019Enfance et au Tiers-Monde est une association suisse qui a pour buts de fournir une assistance ponctuelle \u00e0 l\u2019enfance et participer financi\u00e8rement \u00e0 des projets concrets d\u2019aide aux pays \u00e0 ressources limit\u00e9es.<\/p>\n<p>&nbsp;<\/p>\n<p>&nbsp;<\/p>\n<\/div>\n\t\t<\/div><\/div><\/div><\/div><script type=\"text\/javascript\">tagSinglePost(100);<\/script>","protected":false},"excerpt":{"rendered":"<p>Sant\u00e9 Sud est une ONG internationale engag\u00e9e pour le droit \u00e0 la sant\u00e9 pour toutes et tous. Depuis 1984, l\u2019association agit sans remplacer, en renfor\u00e7ant les capacit\u00e9s des partenaires locaux pour que chacun\u00b7e ait acc\u00e8s \u00e0 des soins de qualit\u00e9. Son objectif est de construire ensemble des syst\u00e8mes de sant\u00e9 plus efficaces et vertueux en [&hellip;]<\/p>\n","protected":false},"author":7,"featured_media":0,"parent":0,"menu_order":0,"comment_status":"closed","ping_status":"closed","template":"","meta":{"footnotes":""},"class_list":["post-100","page","type-page","status-publish","hentry","post"],"_links":{"self":[{"href":"https:\/\/urgences.unfm.org\/site\/wp-json\/wp\/v2\/pages\/100","targetHints":{"allow":["GET"]}}],"collection":[{"href":"https:\/\/urgences.unfm.org\/site\/wp-json\/wp\/v2\/pages"}],"about":[{"href":"https:\/\/urgences.unfm.org\/site\/wp-json\/wp\/v2\/types\/page"}],"author":[{"embeddable":true,"href":"https:\/\/urgences.unfm.org\/site\/wp-json\/wp\/v2\/users\/7"}],"replies":[{"embeddable":true,"href":"https:\/\/urgences.unfm.org\/site\/wp-json\/wp\/v2\/comments?post=100"}],"version-history":[{"count":0,"href":"https:\/\/urgences.unfm.org\/site\/wp-json\/wp\/v2\/pages\/100\/revisions"}],"wp:attachment":[{"href":"https:\/\/urgences.unfm.org\/site\/wp-json\/wp\/v2\/media?parent=100"}],"curies":[{"name":"wp","href":"https:\/\/api.w.org\/{rel}","templated":true}]}}